{"id":6831,"date":"2025-09-26T17:13:03","date_gmt":"2025-09-26T15:13:03","guid":{"rendered":"https:\/\/profwex.com\/?post_type=product&#038;p=6831"},"modified":"2025-10-06T15:28:10","modified_gmt":"2025-10-06T13:28:10","slug":"modeles-anatomiques-et-simulateurs","status":"publish","type":"product","link":"https:\/\/profwex.com\/en\/produit\/modeles-anatomiques-et-simulateurs\/","title":{"rendered":"Mod\u00e8les anatomiques et simulateurs"},"content":{"rendered":"","protected":false},"excerpt":{"rendered":"<p><strong>Outils de haute pr\u00e9cision pour la formation m\u00e9dicale et l&#8217;enseignement de l&#8217;anatomie<\/strong><\/p>\n<p>Retrouvez dans cette cat\u00e9gorie une <strong>large gamme de mod\u00e8les anatomiques et de simulateurs m\u00e9dicaux<\/strong>, con\u00e7us pour offrir une <strong>exp\u00e9rience d\u2019apprentissage r\u00e9aliste et immersive<\/strong>. Id\u00e9als pour les enseignants, \u00e9tudiants, professionnels de sant\u00e9 et centres de formation, nos mod\u00e8les vous accompagnent dans tous vos besoins p\u00e9dagogiques.<\/p>\n<p>Gr\u00e2ce \u00e0 une <strong>reproduction fid\u00e8le des structures anatomiques et biologiques<\/strong>, nos simulateurs et mod\u00e8les anatomiques permettent de mieux comprendre le fonctionnement du corps humain.<\/p>\n<p><strong>Notre catalogue comprend :<\/strong><\/p>\n<ul>\n<li>Tronc humain, squelettes, cr\u00e2nes, organes.<\/li>\n<li>Repr\u00e9sentations cellulaires.<\/li>\n<li>Simulateurs m\u00e9dicaux sp\u00e9cialis\u00e9s.<\/li>\n<li>Des tables d\u2019anatomie.<\/li>\n<\/ul>\n<p><strong>Tous nos mod\u00e8les sont propos\u00e9s en plusieurs tailles, niveaux de d\u00e9tail et mat\u00e9riaux, afin de s\u2019adapter \u00e0 tous les programmes de formation et de rester accessibles \u00e0 diff\u00e9rents budgets.<\/strong><\/p>\n","protected":false},"featured_media":6837,"template":"","meta":[],"product_brand":[],"product_cat":[19],"product_tag":[],"class_list":{"0":"post-6831","1":"product","2":"type-product","3":"status-publish","4":"has-post-thumbnail","6":"product_cat-equipements-consommables-de-laboratoire","8":"first","9":"instock","10":"shipping-taxable","11":"product-type-simple"},"_links":{"self":[{"href":"https:\/\/profwex.com\/en\/wp-json\/wp\/v2\/product\/6831","targetHints":{"allow":["GET"]}}],"collection":[{"href":"https:\/\/profwex.com\/en\/wp-json\/wp\/v2\/product"}],"about":[{"href":"https:\/\/profwex.com\/en\/wp-json\/wp\/v2\/types\/product"}],"version-history":[{"count":1,"href":"https:\/\/profwex.com\/en\/wp-json\/wp\/v2\/product\/6831\/revisions"}],"predecessor-version":[{"id":6844,"href":"https:\/\/profwex.com\/en\/wp-json\/wp\/v2\/product\/6831\/revisions\/6844"}],"wp:featuredmedia":[{"embeddable":true,"href":"https:\/\/profwex.com\/en\/wp-json\/wp\/v2\/media\/6837"}],"wp:attachment":[{"href":"https:\/\/profwex.com\/en\/wp-json\/wp\/v2\/media?parent=6831"}],"wp:term":[{"taxonomy":"product_brand","embeddable":true,"href":"https:\/\/profwex.com\/en\/wp-json\/wp\/v2\/product_brand?post=6831"},{"taxonomy":"product_cat","embeddable":true,"href":"https:\/\/profwex.com\/en\/wp-json\/wp\/v2\/product_cat?post=6831"},{"taxonomy":"product_tag","embeddable":true,"href":"https:\/\/profwex.com\/en\/wp-json\/wp\/v2\/product_tag?post=6831"}],"curies":[{"name":"wp","href":"https:\/\/api.w.org\/{rel}","templated":true}]}}