{"id":6817,"date":"2025-09-26T17:10:52","date_gmt":"2025-09-26T15:10:52","guid":{"rendered":"https:\/\/profwex.com\/?post_type=product&#038;p=6817"},"modified":"2025-10-06T15:26:44","modified_gmt":"2025-10-06T13:26:44","slug":"les-produits-essentiels-pour-votre-laboratoire","status":"publish","type":"product","link":"https:\/\/profwex.com\/en\/produit\/les-produits-essentiels-pour-votre-laboratoire\/","title":{"rendered":"Les produits essentiels pour votre laboratoire"},"content":{"rendered":"","protected":false},"excerpt":{"rendered":"<p>Profitez d\u2019un large choix d\u2019\u00e9quipements et d\u2019instruments de laboratoire alliant performance, fiabilit\u00e9 et pr\u00e9cision. Du mat\u00e9riel de pointe tels que spectrophotom\u00e8tres, fours, incubateurs, syst\u00e8mes HPLC \u2014 aux appareils plus compacts comme les microscopes, agitateurs, r\u00e9fractom\u00e8tres ou compteurs, PROFWEX vous accompagne dans tous vos projets. Faites le choix de l\u2019excellence avec les plus grandes marques du secteur : Eppendorf, IKA, VELP, Hettich, Euromex, Cytiva, Brand, Buchi\u2026 et bien d\u2019autres encore. Offrez \u00e0 votre laboratoire des solutions durables et efficaces, pr\u00eates \u00e0 r\u00e9pondre \u00e0 vos exigences les plus \u00e9lev\u00e9es.<\/p>\n","protected":false},"featured_media":6819,"template":"","meta":[],"product_brand":[],"product_cat":[19],"product_tag":[],"class_list":{"0":"post-6817","1":"product","2":"type-product","3":"status-publish","4":"has-post-thumbnail","6":"product_cat-equipements-consommables-de-laboratoire","8":"first","9":"instock","10":"shipping-taxable","11":"product-type-simple"},"_links":{"self":[{"href":"https:\/\/profwex.com\/en\/wp-json\/wp\/v2\/product\/6817","targetHints":{"allow":["GET"]}}],"collection":[{"href":"https:\/\/profwex.com\/en\/wp-json\/wp\/v2\/product"}],"about":[{"href":"https:\/\/profwex.com\/en\/wp-json\/wp\/v2\/types\/product"}],"version-history":[{"count":1,"href":"https:\/\/profwex.com\/en\/wp-json\/wp\/v2\/product\/6817\/revisions"}],"predecessor-version":[{"id":6830,"href":"https:\/\/profwex.com\/en\/wp-json\/wp\/v2\/product\/6817\/revisions\/6830"}],"wp:featuredmedia":[{"embeddable":true,"href":"https:\/\/profwex.com\/en\/wp-json\/wp\/v2\/media\/6819"}],"wp:attachment":[{"href":"https:\/\/profwex.com\/en\/wp-json\/wp\/v2\/media?parent=6817"}],"wp:term":[{"taxonomy":"product_brand","embeddable":true,"href":"https:\/\/profwex.com\/en\/wp-json\/wp\/v2\/product_brand?post=6817"},{"taxonomy":"product_cat","embeddable":true,"href":"https:\/\/profwex.com\/en\/wp-json\/wp\/v2\/product_cat?post=6817"},{"taxonomy":"product_tag","embeddable":true,"href":"https:\/\/profwex.com\/en\/wp-json\/wp\/v2\/product_tag?post=6817"}],"curies":[{"name":"wp","href":"https:\/\/api.w.org\/{rel}","templated":true}]}}