{"id":6801,"date":"2025-09-26T17:08:48","date_gmt":"2025-09-26T15:08:48","guid":{"rendered":"https:\/\/profwex.com\/?post_type=product&#038;p=6801"},"modified":"2025-09-26T17:08:48","modified_gmt":"2025-09-26T15:08:48","slug":"consommables-de-laboratoire","status":"publish","type":"product","link":"https:\/\/profwex.com\/en\/produit\/consommables-de-laboratoire\/","title":{"rendered":"Consommables de laboratoire"},"content":{"rendered":"","protected":false},"excerpt":{"rendered":"<p>&nbsp;<\/p>\n<p>D\u00e9couvrez notre large s\u00e9lection de consommables de laboratoire, disponibles en diff\u00e9rents mat\u00e9riaux, formats et conditionnements, pour r\u00e9pondre \u00e0 tous vos besoins en recherche, analyse et production. Quel que soit votre domaine d\u2019application \u2013 chimie, biologie, microbiologie, ou encore contr\u00f4le qualit\u00e9 \u2013 nous vous proposons des produits fiables, adapt\u00e9s aux exigences des laboratoires modernes.<\/p>\n<p><strong>Consommables en verre \/ plastique\u00a0:<\/strong> Pipettes (pasteur, gradu\u00e9es, automatiques), Pointes de pipettes (st\u00e9riles ou non), Bo\u00eetes de P\u00e9tri, Cuvettes spectrophotom\u00e9triques.<\/p>\n<p><strong>Consommables pour pr\u00e9l\u00e8vements et manipulations\u00a0: <\/strong>Aiguilles et seringues, Microtubes, Tubes Falcon, Tubes \u00e0 centrifuger, Tubes de pr\u00e9l\u00e8vement sanguin.<\/p>\n<p><strong>Produits de filtration et s\u00e9paration\u00a0: Filtres \u00e0 membrane, Filtres en papier (Whatman, etc.), Tamis de filtration, Colonnes SPE (Solid Phase Extraction).<\/strong><\/p>\n<p><strong>Produits d\u2019hygi\u00e8ne et de s\u00e9curit\u00e9\u00a0: <\/strong>Gants jetables (latex, nitrile, vinyle), Blouses jetables, Masques, Charlottes \/ surchaussures, Lingettes d\u00e9sinfectantes<\/p>\n<p><strong>Milieux de culture et produits microbiologiques\u00a0:<\/strong> Milieux de culture en poudre ou pr\u00eats \u00e0 l\u2019emploi (LB, g\u00e9lose, etc.), Plaques de culture st\u00e9riles, Boucles de platine jetables, Pipettes st\u00e9riles, Tubes de culture.<\/p>\n<p><strong>Autres consommables divers\u00a0:<\/strong> Parafilm, Papier pH, Ruban adh\u00e9sif de laboratoire, \u00c9tiquettes r\u00e9sistantes aux solvants, Capsules de pes\u00e9e, Spatules jetables, Lames et lamelles de microscope.<\/p>\n","protected":false},"featured_media":6815,"template":"","meta":[],"product_brand":[],"product_cat":[19],"product_tag":[],"class_list":{"0":"post-6801","1":"product","2":"type-product","3":"status-publish","4":"has-post-thumbnail","6":"product_cat-equipements-consommables-de-laboratoire","8":"first","9":"instock","10":"shipping-taxable","11":"product-type-simple"},"_links":{"self":[{"href":"https:\/\/profwex.com\/en\/wp-json\/wp\/v2\/product\/6801","targetHints":{"allow":["GET"]}}],"collection":[{"href":"https:\/\/profwex.com\/en\/wp-json\/wp\/v2\/product"}],"about":[{"href":"https:\/\/profwex.com\/en\/wp-json\/wp\/v2\/types\/product"}],"version-history":[{"count":1,"href":"https:\/\/profwex.com\/en\/wp-json\/wp\/v2\/product\/6801\/revisions"}],"predecessor-version":[{"id":6816,"href":"https:\/\/profwex.com\/en\/wp-json\/wp\/v2\/product\/6801\/revisions\/6816"}],"wp:featuredmedia":[{"embeddable":true,"href":"https:\/\/profwex.com\/en\/wp-json\/wp\/v2\/media\/6815"}],"wp:attachment":[{"href":"https:\/\/profwex.com\/en\/wp-json\/wp\/v2\/media?parent=6801"}],"wp:term":[{"taxonomy":"product_brand","embeddable":true,"href":"https:\/\/profwex.com\/en\/wp-json\/wp\/v2\/product_brand?post=6801"},{"taxonomy":"product_cat","embeddable":true,"href":"https:\/\/profwex.com\/en\/wp-json\/wp\/v2\/product_cat?post=6801"},{"taxonomy":"product_tag","embeddable":true,"href":"https:\/\/profwex.com\/en\/wp-json\/wp\/v2\/product_tag?post=6801"}],"curies":[{"name":"wp","href":"https:\/\/api.w.org\/{rel}","templated":true}]}}