{"id":6799,"date":"2025-09-26T17:06:39","date_gmt":"2025-09-26T15:06:39","guid":{"rendered":"https:\/\/profwex.com\/?post_type=product&#038;p=6799"},"modified":"2025-09-26T17:06:39","modified_gmt":"2025-09-26T15:06:39","slug":"quartz","status":"publish","type":"product","link":"https:\/\/profwex.com\/en\/produit\/quartz\/","title":{"rendered":"Quartz"},"content":{"rendered":"","protected":false},"excerpt":{"rendered":"<p>&nbsp;<\/p>\n<p>Le quartz se distingue par sa puret\u00e9 exceptionnelle, sa transparence sur une large plage spectrale (des UV aux infrarouges), ainsi que par sa r\u00e9sistance remarquable \u00e0 la chaleur, aux chocs thermiques et \u00e0 l\u2019irradiation. Il est utilis\u00e9 dans des applications tr\u00e8s sp\u00e9cifiques n\u00e9cessitant des propri\u00e9t\u00e9s optiques et thermiques extr\u00eames.<\/p>\n","protected":false},"featured_media":0,"template":"","meta":[],"product_brand":[],"product_cat":[19],"product_tag":[],"class_list":{"0":"post-6799","1":"product","2":"type-product","3":"status-publish","5":"product_cat-equipements-consommables-de-laboratoire","7":"first","8":"instock","9":"shipping-taxable","10":"product-type-simple"},"_links":{"self":[{"href":"https:\/\/profwex.com\/en\/wp-json\/wp\/v2\/product\/6799","targetHints":{"allow":["GET"]}}],"collection":[{"href":"https:\/\/profwex.com\/en\/wp-json\/wp\/v2\/product"}],"about":[{"href":"https:\/\/profwex.com\/en\/wp-json\/wp\/v2\/types\/product"}],"version-history":[{"count":1,"href":"https:\/\/profwex.com\/en\/wp-json\/wp\/v2\/product\/6799\/revisions"}],"predecessor-version":[{"id":6800,"href":"https:\/\/profwex.com\/en\/wp-json\/wp\/v2\/product\/6799\/revisions\/6800"}],"wp:attachment":[{"href":"https:\/\/profwex.com\/en\/wp-json\/wp\/v2\/media?parent=6799"}],"wp:term":[{"taxonomy":"product_brand","embeddable":true,"href":"https:\/\/profwex.com\/en\/wp-json\/wp\/v2\/product_brand?post=6799"},{"taxonomy":"product_cat","embeddable":true,"href":"https:\/\/profwex.com\/en\/wp-json\/wp\/v2\/product_cat?post=6799"},{"taxonomy":"product_tag","embeddable":true,"href":"https:\/\/profwex.com\/en\/wp-json\/wp\/v2\/product_tag?post=6799"}],"curies":[{"name":"wp","href":"https:\/\/api.w.org\/{rel}","templated":true}]}}