{"id":6793,"date":"2025-09-26T16:59:51","date_gmt":"2025-09-26T14:59:51","guid":{"rendered":"https:\/\/profwex.com\/?post_type=product&#038;p=6793"},"modified":"2025-09-26T16:59:51","modified_gmt":"2025-09-26T14:59:51","slug":"verre-sodocalcique","status":"publish","type":"product","link":"https:\/\/profwex.com\/en\/produit\/verre-sodocalcique\/","title":{"rendered":"Verre sodocalcique"},"content":{"rendered":"<p>Le verre sodocalcique, souvent d\u00e9sign\u00e9 comme verre de chimie ou verre blanc, est un type de verre standard compos\u00e9 d\u2019environ 74 % de silice, 16 % de soude, et 9 % de chaux et de magn\u00e9sie. Son coefficient de dilatation \u00e9lev\u00e9 (8 \u00e0 9 x 10\u207b\u2076 \/ \u00b0K) le rend peu r\u00e9sistant aux chocs thermiques, ce qui le rend inadapt\u00e9 aux applications n\u00e9cessitant un chauffage direct.<\/p>\n<p>Cependant, ce type de verre offre une excellente lisibilit\u00e9 des niveaux de liquide gr\u00e2ce \u00e0 un bon mouillage, ce qui le rend particuli\u00e8rement adapt\u00e9 aux instruments de mesure tels que les pipettes.<\/p>\n","protected":false},"excerpt":{"rendered":"<p>Le verre sodocalcique, souvent d\u00e9sign\u00e9 comme verre de chimie ou verre blanc, est un type de verre standard compos\u00e9 d\u2019environ 74 % de silice, 16 % de soude, et 9 % de chaux et de magn\u00e9sie. Son coefficient de dilatation \u00e9lev\u00e9 (8 \u00e0 9 x 10\u207b\u2076 \/ \u00b0K) le rend peu r\u00e9sistant aux chocs thermiques, [&hellip;]<\/p>\n","protected":false},"featured_media":6794,"template":"","meta":[],"product_brand":[],"product_cat":[19],"product_tag":[],"class_list":{"0":"post-6793","1":"product","2":"type-product","3":"status-publish","4":"has-post-thumbnail","6":"product_cat-equipements-consommables-de-laboratoire","8":"first","9":"instock","10":"shipping-taxable","11":"product-type-simple"},"_links":{"self":[{"href":"https:\/\/profwex.com\/en\/wp-json\/wp\/v2\/product\/6793","targetHints":{"allow":["GET"]}}],"collection":[{"href":"https:\/\/profwex.com\/en\/wp-json\/wp\/v2\/product"}],"about":[{"href":"https:\/\/profwex.com\/en\/wp-json\/wp\/v2\/types\/product"}],"version-history":[{"count":1,"href":"https:\/\/profwex.com\/en\/wp-json\/wp\/v2\/product\/6793\/revisions"}],"predecessor-version":[{"id":6795,"href":"https:\/\/profwex.com\/en\/wp-json\/wp\/v2\/product\/6793\/revisions\/6795"}],"wp:featuredmedia":[{"embeddable":true,"href":"https:\/\/profwex.com\/en\/wp-json\/wp\/v2\/media\/6794"}],"wp:attachment":[{"href":"https:\/\/profwex.com\/en\/wp-json\/wp\/v2\/media?parent=6793"}],"wp:term":[{"taxonomy":"product_brand","embeddable":true,"href":"https:\/\/profwex.com\/en\/wp-json\/wp\/v2\/product_brand?post=6793"},{"taxonomy":"product_cat","embeddable":true,"href":"https:\/\/profwex.com\/en\/wp-json\/wp\/v2\/product_cat?post=6793"},{"taxonomy":"product_tag","embeddable":true,"href":"https:\/\/profwex.com\/en\/wp-json\/wp\/v2\/product_tag?post=6793"}],"curies":[{"name":"wp","href":"https:\/\/api.w.org\/{rel}","templated":true}]}}