{"id":7500,"date":"2025-09-26T16:05:00","date_gmt":"2025-09-26T14:05:00","guid":{"rendered":"https:\/\/profwex.com\/innovative-materials-and-technologies-in-construction\/"},"modified":"2025-10-08T21:45:38","modified_gmt":"2025-10-08T19:45:38","slug":"innovative-materials-and-technologies-in-construction","status":"publish","type":"page","link":"https:\/\/profwex.com\/en\/innovative-materials-and-technologies-in-construction\/","title":{"rendered":"Innovative materials and technologies in construction"},"content":{"rendered":"\t\t<div data-elementor-type=\"wp-page\" data-elementor-id=\"7500\" class=\"elementor elementor-7500\">\n\t\t\t\t<div class=\"elementor-element elementor-element-152d8e3 e-flex e-con-boxed e-con e-parent\" data-id=\"152d8e3\" data-element_type=\"container\">\n\t\t\t\t\t<div class=\"e-con-inner\">\n\t\t<div class=\"elementor-element elementor-element-428f57a e-con-full e-flex e-con e-child\" data-id=\"428f57a\" data-element_type=\"container\">\n\t\t<div class=\"elementor-element elementor-element-718b981 e-con-full e-flex e-con e-child\" data-id=\"718b981\" data-element_type=\"container\">\n\t\t\t\t<div class=\"elementor-element elementor-element-c951bbf elementor-widget elementor-widget-creote-text-editor-v1\" data-id=\"c951bbf\" data-element_type=\"widget\" data-widget_type=\"creote-text-editor-v1.default\">\n\t\t\t\t<div class=\"elementor-widget-container\">\n\t\t\t\t\t   <div class=\"position-relative\">\r\n        <p>- Exportation de mat\u00e9riaux \u00e9cologiques, intelligents et r\u00e9sistants<br \/>- Transfert de solutions innovantes pour le BTP et l\u2019industrie<\/p>    <\/div>\r\n\t\t\t\t<\/div>\n\t\t\t\t<\/div>\n\t\t\t\t<\/div>\n\t\t<div class=\"elementor-element elementor-element-7b26f18 e-con-full e-flex e-con e-child\" data-id=\"7b26f18\" data-element_type=\"container\">\n\t\t\t\t<div class=\"elementor-element elementor-element-310c7b0 elementor-widget elementor-widget-creote-client-brand-v1\" data-id=\"310c7b0\" data-element_type=\"widget\" data-widget_type=\"creote-client-brand-v1.default\">\n\t\t\t\t<div class=\"elementor-widget-container\">\n\t\t\t\t\t<section class=\"client_logo_carousel type_one\"> <div class=\"swiper-container client_logo_swiper\"> <div class=\"swiper-wrapper\">   <div class=\"swiper-slide\"> <div class=\"image\"> <img decoding=\"async\" src=\"https:\/\/profwex.com\/wp-content\/uploads\/2025\/09\/architectural-engineer-working-on-a-blueprint-with-cityscape-in-background-free-photo.jpeg\" alt=\"image\" style='width: 200px!important;  ' \/> <\/div> <\/div>  <div class=\"swiper-slide\"> <div class=\"image\"> <img decoding=\"async\" src=\"https:\/\/profwex.com\/wp-content\/uploads\/2025\/09\/images-1-1.jpg\" alt=\"image\" style='width: 200px!important;  ' \/> <\/div> <\/div>  <div class=\"swiper-slide\"> <div class=\"image\"> <img decoding=\"async\" src=\"https:\/\/profwex.com\/wp-content\/uploads\/2025\/09\/images-2.jpg\" alt=\"image\" style='width: 200px!important;  ' \/> <\/div> <\/div>   <\/div>  <\/div><\/section>\r\n\t\t\t\t<\/div>\n\t\t\t\t<\/div>\n\t\t\t\t<\/div>\n\t\t\t\t<\/div>\n\t\t\t\t\t<\/div>\n\t\t\t\t<\/div>\n\t\t\t\t<\/div>\n\t\t","protected":false},"excerpt":{"rendered":"<p>&#8211; Export of ecological, smart, and durable materials &#8211; Transfer of innovative solutions for construction and industry<\/p>\n","protected":false},"author":1,"featured_media":0,"parent":0,"menu_order":0,"comment_status":"closed","ping_status":"closed","template":"elementor_header_footer","meta":{"footnotes":""},"class_list":["post-7500","page","type-page","status-publish","hentry"],"_links":{"self":[{"href":"https:\/\/profwex.com\/en\/wp-json\/wp\/v2\/pages\/7500","targetHints":{"allow":["GET"]}}],"collection":[{"href":"https:\/\/profwex.com\/en\/wp-json\/wp\/v2\/pages"}],"about":[{"href":"https:\/\/profwex.com\/en\/wp-json\/wp\/v2\/types\/page"}],"author":[{"embeddable":true,"href":"https:\/\/profwex.com\/en\/wp-json\/wp\/v2\/users\/1"}],"replies":[{"embeddable":true,"href":"https:\/\/profwex.com\/en\/wp-json\/wp\/v2\/comments?post=7500"}],"version-history":[{"count":1,"href":"https:\/\/profwex.com\/en\/wp-json\/wp\/v2\/pages\/7500\/revisions"}],"predecessor-version":[{"id":8306,"href":"https:\/\/profwex.com\/en\/wp-json\/wp\/v2\/pages\/7500\/revisions\/8306"}],"wp:attachment":[{"href":"https:\/\/profwex.com\/en\/wp-json\/wp\/v2\/media?parent=7500"}],"curies":[{"name":"wp","href":"https:\/\/api.w.org\/{rel}","templated":true}]}}