{"id":7493,"date":"2025-09-26T16:03:46","date_gmt":"2025-09-26T14:03:46","guid":{"rendered":"https:\/\/profwex.com\/edition\/"},"modified":"2025-10-08T21:44:23","modified_gmt":"2025-10-08T19:44:23","slug":"edition","status":"publish","type":"page","link":"https:\/\/profwex.com\/en\/edition\/","title":{"rendered":"Edition"},"content":{"rendered":"\t\t<div data-elementor-type=\"wp-page\" data-elementor-id=\"7493\" class=\"elementor elementor-7493\">\n\t\t\t\t<div class=\"elementor-element elementor-element-33ba18e e-flex e-con-boxed e-con e-parent\" data-id=\"33ba18e\" data-element_type=\"container\">\n\t\t\t\t\t<div class=\"e-con-inner\">\n\t\t\t\t<div class=\"elementor-element elementor-element-6ee2c77 elementor-widget elementor-widget-heading\" data-id=\"6ee2c77\" data-element_type=\"widget\" data-widget_type=\"heading.default\">\n\t\t\t\t\t<h2 class=\"elementor-heading-title elementor-size-default\">Maison d'\u00e9dition scientifique &amp; technologique <\/h2>\t\t\t\t<\/div>\n\t\t\t\t<div class=\"elementor-element elementor-element-781cf61 elementor-widget elementor-widget-creote-text-editor-v1\" data-id=\"781cf61\" data-element_type=\"widget\" data-widget_type=\"creote-text-editor-v1.default\">\n\t\t\t\t<div class=\"elementor-widget-container\">\n\t\t\t\t\t   <div class=\"position-relative\">\r\n        <p>Profwex est aussi une maison d\u2019\u00e9dition sp\u00e9cialis\u00e9e dans les sciences et les technologies.<br \/>Nous accompagnons les chercheurs et enseignants dans la publication et la diffusion de leurs travaux, en version papier et num\u00e9rique.<\/p><p>Nos premiers titres :<\/p>    <\/div>\r\n\t\t\t\t<\/div>\n\t\t\t\t<\/div>\n\t\t\t\t\t<\/div>\n\t\t\t\t<\/div>\n\t\t<div class=\"elementor-element elementor-element-0026e55 e-flex e-con-boxed e-con e-parent\" data-id=\"0026e55\" data-element_type=\"container\">\n\t\t\t\t\t<div class=\"e-con-inner\">\n\t\t\t\t<div class=\"elementor-element elementor-element-513261c elementor-widget elementor-widget-creote-client-brand-v1\" data-id=\"513261c\" data-element_type=\"widget\" data-widget_type=\"creote-client-brand-v1.default\">\n\t\t\t\t<div class=\"elementor-widget-container\">\n\t\t\t\t\t<section class=\"client_logo_carousel type_three\"> <div class=\"swiper-container client_logo_swiper_three\"> <div class=\"swiper-wrapper\">   <div class=\"swiper-slide\"> <div class=\"image\"> <img decoding=\"async\" src=\"https:\/\/profwex.com\/wp-content\/uploads\/2025\/09\/5abb8eb7750bb98beb119db940a43756de939e7e74b1f9b38522277fd0cbd3b2.jpg\" alt=\"image\" style='width: 160px!important;  ' \/> <\/div> <\/div>  <div class=\"swiper-slide\"> <div class=\"image\"> <img decoding=\"async\" src=\"https:\/\/profwex.com\/wp-content\/uploads\/2025\/09\/8def102debb60de307ad455569670c99c8b322faa84f7836caf8504ed123c51e.jpg\" alt=\"image\" style='width: 200px!important;  ' \/> <\/div> <\/div>  <div class=\"swiper-slide\"> <div class=\"image\"> <img decoding=\"async\" src=\"https:\/\/profwex.com\/wp-content\/uploads\/2025\/09\/30ace12de571b2b3026731b6c437cda6ac43e28cdd344eab789d36ed5e041657.jpg\" alt=\"image\" style='width: 145px!important;  ' \/> <\/div> <\/div>  <div class=\"swiper-slide\"> <div class=\"image\"> <img decoding=\"async\" src=\"https:\/\/profwex.com\/wp-content\/uploads\/2025\/09\/34e5abf950a55f8d844cb7ced6c185ba6eb8abe375158869ece5e6fdd2f6edc8.jpg\" alt=\"image\" style='width: 120px!important;  ' \/> <\/div> <\/div>  <div class=\"swiper-slide\"> <div class=\"image\"> <img decoding=\"async\" src=\"https:\/\/profwex.com\/wp-content\/uploads\/2025\/09\/45c8e316569f21ef2c07abc864ab8ceff54c100b4e0a87305ce0913c83cd7faa.jpg\" alt=\"image\" style='width: 160px!important;  ' \/> <\/div> <\/div>  <div class=\"swiper-slide\"> <div class=\"image\"> <img decoding=\"async\" src=\"https:\/\/profwex.com\/wp-content\/uploads\/2025\/09\/56c561bb09f3b12e77adb821d1a7fd474b8417dd31d2b5c1702c2d0d4447a939.jpg\" alt=\"image\" style='width: 200px!important;  ' \/> <\/div> <\/div>  <div class=\"swiper-slide\"> <div class=\"image\"> <img decoding=\"async\" src=\"https:\/\/profwex.com\/wp-content\/uploads\/2025\/09\/71BT4Q7ObuL._SL1500_.jpg\" alt=\"image\" style='width: 200px!important;  ' \/> <\/div> <\/div>  <div class=\"swiper-slide\"> <div class=\"image\"> <img decoding=\"async\" src=\"https:\/\/profwex.com\/wp-content\/uploads\/2025\/09\/81RrKOtflJL._SL1500_.jpg\" alt=\"image\" style='width: 200px!important;  ' \/> <\/div> <\/div>  <div class=\"swiper-slide\"> <div class=\"image\"> <img decoding=\"async\" src=\"https:\/\/profwex.com\/wp-content\/uploads\/2025\/09\/95fd1e86c045339fc6cf281a9df031cddda3116eac3d4fbea9842bb0ba2fd475.jpg\" alt=\"image\" style='width: 200px!important;  ' \/> <\/div> <\/div>  <div class=\"swiper-slide\"> <div class=\"image\"> <img decoding=\"async\" src=\"https:\/\/profwex.com\/wp-content\/uploads\/2025\/09\/137f0f724dd94c80bb0a3c36d62c1f41a091515a8395224f32540c523c9740a4.jpg\" alt=\"image\" style='width: 200px!important;  ' \/> <\/div> <\/div>  <div class=\"swiper-slide\"> <div class=\"image\"> <img decoding=\"async\" src=\"https:\/\/profwex.com\/wp-content\/uploads\/2025\/09\/273b37857ac767653cab945906dc19a8b6a5b849e816fd07921ed7c5153759ef.jpg\" alt=\"image\" style='width: 200px!important;  ' \/> <\/div> <\/div>  <div class=\"swiper-slide\"> <div class=\"image\"> <img decoding=\"async\" src=\"https:\/\/profwex.com\/wp-content\/uploads\/2025\/09\/812NQA2QvSL._SY466_.jpg\" alt=\"image\" style='width: 200px!important;  ' \/> <\/div> <\/div>  <div class=\"swiper-slide\"> <div class=\"image\"> <img decoding=\"async\" src=\"https:\/\/profwex.com\/wp-content\/uploads\/2025\/09\/857ab927e713f19ad6bd02f20527bd734ecd6f450b2c5942018ba9473e6fa488.jpg\" alt=\"image\" style='width: 200px!important;  ' \/> <\/div> <\/div>  <div class=\"swiper-slide\"> <div class=\"image\"> <img decoding=\"async\" src=\"https:\/\/profwex.com\/wp-content\/uploads\/2025\/09\/4196WD7IsnL._SY445_SX342_.jpg\" alt=\"image\" style='width: 200px!important;  ' \/> <\/div> <\/div>   <\/div>  <\/div><\/section>\r\n\t\t\t\t<\/div>\n\t\t\t\t<\/div>\n\t\t\t\t\t<\/div>\n\t\t\t\t<\/div>\n\t\t\t\t<\/div>\n\t\t","protected":false},"excerpt":{"rendered":"<p>Scientific and technological publishing house Profwex is also a publishing house specializing in science and technology. We support researchers and teachers in the publication and dissemination of their work, both in print and digital formats. Our first titles:<\/p>\n","protected":false},"author":1,"featured_media":0,"parent":0,"menu_order":0,"comment_status":"closed","ping_status":"closed","template":"","meta":{"footnotes":""},"class_list":["post-7493","page","type-page","status-publish","hentry"],"_links":{"self":[{"href":"https:\/\/profwex.com\/en\/wp-json\/wp\/v2\/pages\/7493","targetHints":{"allow":["GET"]}}],"collection":[{"href":"https:\/\/profwex.com\/en\/wp-json\/wp\/v2\/pages"}],"about":[{"href":"https:\/\/profwex.com\/en\/wp-json\/wp\/v2\/types\/page"}],"author":[{"embeddable":true,"href":"https:\/\/profwex.com\/en\/wp-json\/wp\/v2\/users\/1"}],"replies":[{"embeddable":true,"href":"https:\/\/profwex.com\/en\/wp-json\/wp\/v2\/comments?post=7493"}],"version-history":[{"count":3,"href":"https:\/\/profwex.com\/en\/wp-json\/wp\/v2\/pages\/7493\/revisions"}],"predecessor-version":[{"id":8299,"href":"https:\/\/profwex.com\/en\/wp-json\/wp\/v2\/pages\/7493\/revisions\/8299"}],"wp:attachment":[{"href":"https:\/\/profwex.com\/en\/wp-json\/wp\/v2\/media?parent=7493"}],"curies":[{"name":"wp","href":"https:\/\/api.w.org\/{rel}","templated":true}]}}